{"id":687,"date":"2026-02-04T00:15:01","date_gmt":"2026-02-03T23:15:01","guid":{"rendered":"https:\/\/kapsello.pl\/?page_id=687"},"modified":"2026-02-04T00:22:57","modified_gmt":"2026-02-03T23:22:57","slug":"impressum","status":"publish","type":"page","link":"https:\/\/agp.cool\/?page_id=687","title":{"rendered":"Impressum"},"content":{"rendered":"\t\t<div data-elementor-type=\"wp-page\" data-elementor-id=\"687\" class=\"elementor elementor-687\" data-elementor-post-type=\"page\">\n\t\t\t\t<div class=\"elementor-element elementor-element-5cfd3330 e-flex e-con-boxed e-con e-parent\" data-id=\"5cfd3330\" data-element_type=\"container\" data-e-type=\"container\" data-settings=\"{&quot;background_background&quot;:&quot;classic&quot;,&quot;background_motion_fx_motion_fx_scrolling&quot;:&quot;yes&quot;,&quot;background_motion_fx_scale_effect&quot;:&quot;yes&quot;,&quot;background_motion_fx_scale_direction&quot;:&quot;out-in&quot;,&quot;background_motion_fx_scale_speed&quot;:{&quot;unit&quot;:&quot;px&quot;,&quot;size&quot;:4,&quot;sizes&quot;:[]},&quot;background_motion_fx_scale_range&quot;:{&quot;unit&quot;:&quot;%&quot;,&quot;size&quot;:&quot;&quot;,&quot;sizes&quot;:{&quot;start&quot;:20,&quot;end&quot;:80}},&quot;background_motion_fx_devices&quot;:[&quot;desktop&quot;,&quot;tablet&quot;,&quot;mobile&quot;]}\">\n\t\t\t\t\t<div class=\"e-con-inner\">\n\t\t<div class=\"elementor-element elementor-element-4832c9f e-con-full e-flex e-con e-child\" data-id=\"4832c9f\" data-element_type=\"container\" data-e-type=\"container\">\n\t\t\t\t<div class=\"elementor-element elementor-element-559e2cd2 text-center elementor-widget elementor-widget-tp-heading-title\" data-id=\"559e2cd2\" data-element_type=\"widget\" data-e-type=\"widget\" data-widget_type=\"tp-heading-title.default\">\n\t\t\t\t\t<div class=\"heading heading_style heading_style69d9908ebf507 style-1 \"  data-tp-gsap-heading-text=\"\" data-tp-gsap-sub-heading-text=\"\"><div class=\"sub-style\" ><div class=\"head-title \" > <h2  class=\"heading-title   \"  data-hover=\"Impressum\">Impressum<span class=\"title-s \">  <\/span><\/h2><\/div><\/div><\/div>\t\t\t\t<\/div>\n\t\t\t\t<\/div>\n\t\t\t\t\t<\/div>\n\t\t\t\t<\/div>\n\t\t<div class=\"elementor-element elementor-element-3db783ef e-flex e-con-boxed e-con e-parent\" data-id=\"3db783ef\" data-element_type=\"container\" data-e-type=\"container\">\n\t\t\t\t\t<div class=\"e-con-inner\">\n\t\t<div class=\"elementor-element elementor-element-5976397 e-con-full e-flex e-con e-child\" data-id=\"5976397\" data-element_type=\"container\" data-e-type=\"container\">\n\t\t\t\t<div class=\"elementor-element elementor-element-ed8470a elementor-widget elementor-widget-spacer\" data-id=\"ed8470a\" data-element_type=\"widget\" data-e-type=\"widget\" data-widget_type=\"spacer.default\">\n\t\t\t\t\t\t\t<div class=\"elementor-spacer\">\n\t\t\t<div class=\"elementor-spacer-inner\"><\/div>\n\t\t<\/div>\n\t\t\t\t\t\t<\/div>\n\t\t\t\t<div class=\"elementor-element elementor-element-e45e4e4 elementor-widget elementor-widget-text-editor\" data-id=\"e45e4e4\" data-element_type=\"widget\" data-e-type=\"widget\" data-widget_type=\"text-editor.default\">\n\t\t\t\t\t\t\t\t\t<p><strong>Name des Unternehmens<\/strong><\/p><p>AGP Cool.Ing FlexCo<\/p><p><strong>Eingetragener Firmensitz<\/strong><\/p><p>Friedlgasse 29\/1, 1190 Wien<\/p><p><strong>Kontaktinformationen<\/strong><\/p><p>office@agp-cooling.at<\/p><p>+43 664 4215444<\/p><p><strong>Firmenbuchnummer<\/strong><\/p><p>FN 650325k<\/p><p><strong>Umsatzsteuer-Nr.<\/strong><\/p><p>ATU81918212<\/p><p>\u00a0<\/p>\t\t\t\t\t\t\t\t<\/div>\n\t\t\t\t<div class=\"elementor-element elementor-element-4a8b3aa elementor-widget elementor-widget-spacer\" data-id=\"4a8b3aa\" data-element_type=\"widget\" data-e-type=\"widget\" data-widget_type=\"spacer.default\">\n\t\t\t\t\t\t\t<div class=\"elementor-spacer\">\n\t\t\t<div class=\"elementor-spacer-inner\"><\/div>\n\t\t<\/div>\n\t\t\t\t\t\t<\/div>\n\t\t\t\t<div class=\"elementor-element elementor-element-20d95f4 elementor-widget elementor-widget-tp-accordion\" data-id=\"20d95f4\" data-element_type=\"widget\" data-e-type=\"widget\" data-widget_type=\"tp-accordion.default\">\n\t\t\t\t\t\t\t<div class=\"theplus-accordion-wrapper elementor-accordion \" id=\"accordion69d9908ed7946\" data-accordion-id=\"accordion69d9908ed7946\" data-accordion-type=\"accordion\" data-toogle-speed=\"300\"   role=\"tablist\">\n\t\t\t\t\t\t\t\n\t\t\t\t<div class=\"theplus-accordion-item\">\n\t\t\t\t\t<div id=\"elementor-tab-title-3441\" class=\"elementor-tab-title plus-accordion-header 0\" tabindex=\"3441\" data-tab=\"1\" role=\"tab\" aria-controls=\"elementor-tab-content-3441\">\n\t\t\t\t\t\t<span style=\"width:100%\">ALLGEMEINE VERKAUFS- und LIEFERBEDINGUNGEN der AGP \u2013 Cool.Ing FlexCo<\/span><span class=\"elementor-accordion-icon elementor-accordion-icon-right\" aria-hidden=\"true\"><span class=\"elementor-accordion-icon-closed\"><svg aria-hidden=\"true\" class=\"e-font-icon-svg e-fas-chevron-up\" viewBox=\"0 0 448 512\" xmlns=\"http:\/\/www.w3.org\/2000\/svg\"><path d=\"M240.971 130.524l194.343 194.343c9.373 9.373 9.373 24.569 0 33.941l-22.667 22.667c-9.357 9.357-24.522 9.375-33.901.04L224 227.495 69.255 381.516c-9.379 9.335-24.544 9.317-33.901-.04l-22.667-22.667c-9.373-9.373-9.373-24.569 0-33.941L207.03 130.525c9.372-9.373 24.568-9.373 33.941-.001z\"><\/path><\/svg><\/span><span class=\"elementor-accordion-icon-opened\"><svg aria-hidden=\"true\" class=\"e-font-icon-svg e-fas-chevron-down\" viewBox=\"0 0 448 512\" xmlns=\"http:\/\/www.w3.org\/2000\/svg\"><path d=\"M207.029 381.476L12.686 187.132c-9.373-9.373-9.373-24.569 0-33.941l22.667-22.667c9.357-9.357 24.522-9.375 33.901-.04L224 284.505l154.745-154.021c9.379-9.335 24.544-9.317 33.901.04l22.667 22.667c9.373 9.373 9.373 24.569 0 33.941L240.971 381.476c-9.373 9.372-24.569 9.372-33.942 0z\"><\/path><\/svg><\/span><\/span>\n\t\t\t\t\t<\/div>  \n\n\t\t\t\t\t\t\t\t\t\t\t<div id=\"elementor-tab-content-3441\" class=\"elementor-tab-content elementor-clearfix plus-accordion-content 0\" data-tab=\"1\" role=\"tabpanel\" aria-labelledby=\"elementor-tab-title-3441\">\n\t\t\t\t\t\t\t<div class=\"plus-content-editor\"><p class=\"p1\">ALLGEMEINE VERKAUFS- und LIEFERBEDINGUNGEN der AGP \u2013 Cool.Ing FlexCo<\/p><p class=\"p2\">1.<b> <\/b>Allgemein:<\/p><p class=\"p2\">Die nachstehenden allgemeinen Verkaufs- und Lieferbedingungen gelten f\u00fcr alle gegenw\u00e4rtigen<\/p><p class=\"p2\">und k\u00fcnftig abzuschlie\u00dfenden Gesch\u00e4fte zwischen dem Auftragnehmer (AN) und Auftraggeber<\/p><p class=\"p2\">(AG) auch f\u00fcr etwaige Nach- oder Ersatzteillieferungen und bilden einen integrierenden<\/p><p class=\"p2\">Bestandteil der Kostenvoranschl\u00e4ge, Angebote und Rechnungen des Auftragnehmers.<\/p><p class=\"p2\">Abweichende allgemeine Vertragsbedingungen des Vertragspartners (AG) sind nur nach<\/p><p class=\"p2\">schriftlicher Best\u00e4tigung durch den AN bindend. \u00c4nderungen und Abweichungen von den<\/p><p class=\"p2\">nachstehenden allgemeinen Verkaufs- und Lieferbedingungen bed\u00fcrfen der Schriftform.<\/p><p class=\"p2\">2.<b> <\/b>Angebote:<\/p><p class=\"p2\">Angebote des AN sind freibleibend. \u00dcbermittelte Unterlagen wie Prospekte, Datenbl\u00e4tter,<\/p><p class=\"p2\">technische Angaben, Ma\u00dfe und Gewichte sind branchen\u00fcbliche Richtwerte. Der AN beh\u00e4lt sich<\/p><p class=\"p2\">daher vor auch nach Vertragsabschluss technische \u00c4nderungen an bestellten Lieferungen<\/p><p class=\"p2\">vorzunehmen. Vertr\u00e4ge zwischen dem Auftragnehmer und Auftraggeber kommen erst mit<\/p><p class=\"p2\">Absenden der schriftlichen Auftragsbest\u00e4tigung durch den AN zustande. Rechte des AG aus<\/p><p class=\"p2\">diesem Vertrag sind nicht \u00fcbertragbar.<\/p><p class=\"p2\">3.<b> <\/b>Schutz von Pl\u00e4nen und Unterlagen:<\/p><p class=\"p2\">S\u00e4mtliche Entw\u00fcrfe, Planungsunterlagen, Zeichnungen, Berechnungen und andere Unterlagen<\/p><p class=\"p2\">bleiben geistiges Eigentum des AN. Jede Verwendung, insbesondere die Weitergabe,<\/p><p class=\"p2\">Vervielf\u00e4ltigung und Ver\u00f6ffentlichung bedarf der ausdr\u00fccklichen Zustimmung des AN.<\/p><p class=\"p2\">4.<b> <\/b>Preise:<\/p><p class=\"p2\">Die Preise gelten, wenn nichts anderes vereinbart, durchwegs f\u00fcr Lieferungen und Abrufung vom<\/p><p class=\"p2\">Lager, exklusive Versicherung, Verpackung und Mehrwertsteuer.<\/p><p class=\"p2\">5.<b> <\/b>Zahlungsbedingungen, Verzugszinsen, Mahnspesen:<\/p><p class=\"p2\">Die Zahlung ist, sofern keine andere schriftliche Vereinbarung getroffen wurde, auf das auf dem<\/p><p class=\"p2\">Firmenpapier genannte Konto netto ohne Abzug zu erfolgen. Bei Zahlungsverzug werden<\/p><p class=\"p2\">Verzugszinsen in H\u00f6he der jeweiligen Kosten des Bankkontokorrentkredites einschl. aller<\/p><p class=\"p2\">Nebengeb\u00fchren sowie Ersatz der au\u00dfergerichtlichen Inkassospesen f\u00e4llig. Mit schuldbefreiender<\/p><p class=\"p2\">Wirkung kann nur auf die auf den verwendeten Gesch\u00e4ftspapieren angegebenen Bankkonten<\/p><p class=\"p2\">oder an Personen mit schriftlicher Inkassovollmacht geleistet werden. Eine Aufrechnung mit<\/p><p class=\"p2\">bestrittenen Gegenforderungen ist unzul\u00e4ssig. F\u00fcr den Fall der Vereinbarung der Abstattung des<\/p><p class=\"p2\">Rechnungsbetrages in Teilzahlungen gilt Terminverlust f\u00fcr den Fall des Verzuges mit einer<\/p><p class=\"p2\">Teilzahlung als vereinbart. F\u00fcr den Falle des Zahlungsverzuges des AG hinsichtlich einer<\/p><p class=\"p2\">Forderung des AN wird die F\u00e4lligkeit s\u00e4mtlicher allenfalls bestehender weiterer Forderungen des<\/p><p class=\"p2\">AN vereinbart. Abrechnungen gelten unter Vorbehalt des Irrtums. Das Recht auf<\/p><p class=\"p2\">Geltendmachung des durch den Zahlungsverzug entstandenen Schadens bleibt hievon<\/p><p class=\"p2\">unber\u00fchrt.<\/p><p class=\"p2\">6.<b> <\/b>Lieferumfang:<\/p><p class=\"p2\">Dieser geht aus der Auftragsbest\u00e4tigung hervor. Die f\u00fcr die Ger\u00e4te notwendigen<\/p><p class=\"p2\">Versorgungsleitungen sind bauseits zu erstellen. Bodenabsenkungen, Druckluftbel\u00fcftungen und<\/p><p class=\"p2\">sonstige technische Belange soweit nicht anders vereinbart ist bauseits durchzuf\u00fchren. Das<\/p><p class=\"p2\">Anschlie\u00dfen der Ger\u00e4te muss, falls nicht anders vereinbart, durch konzessionierte Installations-<\/p><p class=\"p2\">Unternehmen auf Kosten des Bestellers durchgef\u00fchrt werden. Bei allen Montagen die vom AN<\/p><p class=\"p2\">vorgenommen werden wird vorausgesetzt, dass s\u00e4mtliche Stemm-, Verputz-, Maler- und<\/p><p class=\"p1\">Maurerarbeiten und derartige von dritter Seite zu leistende Arbeiten sowie<\/p><p class=\"p1\">Tauwasserableitungen, Elektro- und Wasseranschl\u00fcsse nicht vom AN zu leisten sind.<\/p><p class=\"p1\">Kostenbeteiligung des AN f\u00fcr Bau, Strom, Wasser, Sanit\u00e4reinrichtungen, Abfall,<\/p><p class=\"p1\">Schuttentsorgung und Reinigung ist ausgeschlossen.<\/p><p class=\"p1\">7.<b> <\/b>Lieferfrist:<\/p><p class=\"p1\">Wird die Lieferfrist nicht eingehalten, kann der AG deswegen den Auftrag nicht annullieren und<\/p><p class=\"p1\">hat keinen Anspruch auf Schadenersatz wegen versp\u00e4teter Lieferung. Der AN wird erst durch die<\/p><p class=\"p1\">Ansetzung einer auf mindestens 2 Monate bemessenen Nachfrist in Lieferverzug versetzt. Wird<\/p><p class=\"p1\">auch bis zum Ablauf dieser Frist nicht erf\u00fcllt, so ist der AG berechtigt, sofern er dies unverz\u00fcglich<\/p><p class=\"p1\">erkl\u00e4rt, auf die nachtr\u00e4gliche Lieferung zu verzichten oder vom Vertrag zur\u00fcckzutreten. In beiden<\/p><p class=\"p1\">F\u00e4llen ist der AN zur Herausgabe der erhaltenen Anzahlung ohne Zinsen verpflichtet unter<\/p><p class=\"p1\">Ausschluss jeglicher Schadenersatzanspr\u00fcche des AG. Die Lieferungs- und Nachfrist ruht<\/p><p class=\"p1\">solange der Betrieb der Herstellerfirma oder des AN wegen Streiks, Aussperrungen,<\/p><p class=\"p1\">Transporthindernissen, Betriebsunterbrechungen zufolge h\u00f6herer Gewalt, staatlicher<\/p><p class=\"p1\">Ma\u00dfnahmen oder Unruhen stillgelegt ist.<\/p><p class=\"p1\">8.<b> <\/b>Annahme:<\/p><p class=\"p1\">Weigert sich der AG das Kaufobjekt zum festgesetzten Zeitpunkt abzunehmen, so ist die AN<\/p><p class=\"p1\">berechtigt eine Nachfrist von 8 Tagen zu setzen. Nach ungen\u00fctztem Ablauf dieser Frist steht dem<\/p><p class=\"p1\">AN die Wahl zwischen den beiden nachfolgenden M\u00f6glichkeiten zu:<\/p><p class=\"p1\">a) Hinterlegung auf Gefahr und Kosten des K\u00e4ufers am Ort wo sich die Sache befindet.<\/p><p class=\"p1\">Geltendmachung des vertraglichen Kaufpreises zuz\u00fcglich anfallender Kosten.<\/p><p class=\"p1\">b) R\u00fccktritt vom Vertrag, wobei mindestens 30 % des Verkaufspreises von der AN als<\/p><p class=\"p1\">konventionsweise vereinbarter Schadenersatz beansprucht werden k\u00f6nnen. Der Nachweis eines<\/p><p class=\"p1\">gr\u00f6\u00dferen Schadens bleibt dem AN vorbehalten.<\/p><p class=\"p1\">9.<b> <\/b>Eigentumsvorhalt:<\/p><p class=\"p1\">Die gelieferten Waren bleiben bis zur vollst\u00e4ndigen Zahlung s\u00e4mtlicher auch k\u00fcnftig entstehender<\/p><p class=\"p1\">Forderungen Eigentum des AN. Kommt der AG seinen Verpflichtungen aus dem Vertrag nicht<\/p><p class=\"p1\">ordnungsgem\u00e4\u00df nach, ist der AN berechtigt, die in seinem Eigentum stehenden Gegenst\u00e4nde auf<\/p><p class=\"p1\">Kosten sowie ohne Wissen und Einvernehmen des AG zur\u00fcckzuholen und sich zu diesem Zweck<\/p><p class=\"p1\">auf angemessene Weise Zutritt zu seinem Eigentum zu verschaffen. Der AG erkl\u00e4rt sich hiermit<\/p><p class=\"p1\">ausdr\u00fccklich einverstanden und verzichtet ausdr\u00fccklich auf jegliche Besitzst\u00f6rungsanspr\u00fcche.<\/p><p class=\"p1\">10.<b> <\/b>\u00c4nderungen und Stornierungen von Bestellungen:<\/p><p class=\"p1\">Bestellungs\u00e4nderungen und Stornierungen bed\u00fcrfen der ausdr\u00fccklichen Zustimmung des AN.<\/p><p class=\"p1\">Da der AN die zu liefernden Waren nicht selbst erzeugt, ist er berechtigt vom Kaufvertrag<\/p><p class=\"p1\">zur\u00fcckzutreten, ohne dem AG daf\u00fcr Schadenersatz leisten zu m\u00fcssen, wenn sich beim AN<\/p><p class=\"p1\">unverschuldet Schwierigkeiten bei der Herstellung durch den Erzeuger oder Beschaffung der<\/p><p class=\"p1\">Waren ergeben. Insbesondere haftet der AN nicht f\u00fcr Verz\u00f6gerungen bzw. Nichtlieferungen<\/p><p class=\"p1\">infolge h\u00f6herer Gewalt, wie zum Beispiel Streik, politischer Auseinandersetzungen, extreme<\/p><p class=\"p1\">Witterungsbedingungen. Bei unbegr\u00fcndetem R\u00fccktritt durch den AG ist der AN nach eigener<\/p><p class=\"p1\">Wahl berechtigt, entweder Erf\u00fcllung oder 30 % des Kaufpreises als Stornogeb\u00fchr zu verlangen<\/p><p class=\"p1\">oder Schadenersatz geltend zu machen.<\/p><p class=\"p1\">11.<b> <\/b>R\u00fcgepflicht:<\/p><p class=\"p1\">Erkennbare M\u00e4ngel der gelieferten Ware sind bei der \u00dcbernahme zu r\u00fcgen, andernfalls gilt die<\/p><p class=\"p1\">Ware als vorbehaltlos \u00fcbernommen. Ebenso sind allf\u00e4llige Mehr- oder Minderlieferungen sofort<\/p><p class=\"p1\">bei \u00dcbernahme zu r\u00fcgen, andernfalls die gelieferte St\u00fcckzahl anerkannt wird. Sollte der Mangel<\/p><p class=\"p1\">erst zu einem sp\u00e4teren Zeitpunkt entdeckt werden k\u00f6nnen, so ist die R\u00fcge unverz\u00fcglich<\/p><p class=\"p1\">durchzuf\u00fchren. Die R\u00fcge hat schriftlich zu erfolgen.<\/p><p class=\"p1\">12.<b> <\/b>Gew\u00e4hrleistung, Garantie, Produkthaftung, Schadenersatz:<\/p><p class=\"p1\">Der AN ist berechtigt und verpflichtet innerhalb von einem Jahr ab \u00dcbernahme der Ware bzw.<\/p><p class=\"p1\">Erkennbarkeit des Mangels ordnungsgem\u00e4\u00df als mangelhaft ger\u00fcgte M\u00e4ngel nach seiner Wahl<\/p><p class=\"p1\">durch Verbesserung oder Austausch zu beheben. Ausgetauschte Teile sind vom AG porto- und<\/p><p class=\"p1\">frachtfrei an den AN zu \u00fcbermitteln. Sonstige Gew\u00e4hrleistungsanspr\u00fcche, insbesondere allf\u00e4llige<\/p><p class=\"p1\">Preisminderungsanspr\u00fcche, werden einvernehmlich ausgeschlossen. Jeglicher<\/p><p class=\"p1\">Gew\u00e4hrleistungsanspruch gilt f\u00fcr den Fall ausgeschlossen, dass Reparaturen oder sonstige<\/p><p class=\"p1\">Ver\u00e4nderungen bzw. unsachgem\u00e4\u00dfe Handhabung durch den AG oder Dritte vorgenommen<\/p><p class=\"p1\">wurden, sowie f\u00fcr den Fall, dass die Betriebsanleitung des Herstellers oder AN nicht befolgt<\/p><p class=\"p1\">wurde. Der AN haftet auch nicht f\u00fcr nat\u00fcrlichen Verschlei\u00df, Glasbruch und Teile welche starker<\/p><p class=\"p1\">Abnutzung unterworfen sind, wie Messer, Feder, Gummi und dergleichen. Lehnt der AG die vom<\/p><p class=\"p1\">AN als erforderlich erachteten Reparatur\/Austauschma\u00dfnahmen ab, gelten weitere<\/p><p class=\"p1\">Gew\u00e4hrleistungsanspr\u00fcche ab diesem Zeitpunkt hiermit einverst\u00e4ndlich als ausgeschlossen.<\/p><p class=\"p1\">Eine Garantie wird, sofern nicht gesondert schriftlich vereinbart, nicht gew\u00e4hrt. Sollte eine<\/p><p class=\"p1\">Garantie der Herstellerfirma vorliegen und vom AN an den AG weitergegeben werden, sind<\/p><p class=\"p1\">allf\u00e4llige Anspr\u00fcche aus der Garantie direkt an den Hersteller zu richten. Eine Haftung des AN aus<\/p><p class=\"p1\">der Garantie besteht nicht. F\u00fcr den Fall, dass sich Beanstandungen als ungerechtfertigt<\/p><p class=\"p1\">erweisen, ist der AG verpflichtet dem AN alle daraus entstandenen Kosten zu ersetzen. Die<\/p><p class=\"p1\">Schadenersatzpflicht des AN wird f\u00fcr Sch\u00e4den aus vors\u00e4tzlichem oder grob verschuldetem<\/p><p class=\"p1\">Verhalten beschr\u00e4nkt. Eine Haftung des AN f\u00fcr allf\u00e4llige beim AG oder Dritten eintretende<\/p><p class=\"p1\">Mangelfolgesch\u00e4den wird einvernehmlich ausgeschlossen.<\/p><p class=\"p1\">13.<b> <\/b>Erf\u00fcllungsort, Gerichtsstand:<\/p><p class=\"p1\">Erf\u00fcllungsort und Gerichtsstand ist der Firmensitz des AN.<\/p><p class=\"p1\">14.<b> <\/b>Rechtsfall:<\/p><p class=\"p1\">Es gilt \u00f6sterreichisches Recht.<\/p><\/div>\n\t\t\t\t\t\t<\/div>\n\t\t\t\t\t\n\t\t\t\t<\/div>\n\n\t\t\t\t\t<\/div>\n\t\t\t\t\t\t<\/div>\n\t\t\t\t<div class=\"elementor-element elementor-element-75879c6 elementor-widget elementor-widget-spacer\" data-id=\"75879c6\" data-element_type=\"widget\" data-e-type=\"widget\" data-widget_type=\"spacer.default\">\n\t\t\t\t\t\t\t<div class=\"elementor-spacer\">\n\t\t\t<div class=\"elementor-spacer-inner\"><\/div>\n\t\t<\/div>\n\t\t\t\t\t\t<\/div>\n\t\t\t\t<div class=\"elementor-element elementor-element-cc241b0 elementor-widget elementor-widget-spacer\" data-id=\"cc241b0\" data-element_type=\"widget\" data-e-type=\"widget\" data-widget_type=\"spacer.default\">\n\t\t\t\t\t\t\t<div class=\"elementor-spacer\">\n\t\t\t<div class=\"elementor-spacer-inner\"><\/div>\n\t\t<\/div>\n\t\t\t\t\t\t<\/div>\n\t\t\t\t<\/div>\n\t\t\t\t\t<\/div>\n\t\t\t\t<\/div>\n\t\t<div class=\"elementor-element elementor-element-67030eb4 e-flex e-con-boxed e-con e-parent\" data-id=\"67030eb4\" data-element_type=\"container\" data-e-type=\"container\" data-settings=\"{&quot;background_background&quot;:&quot;classic&quot;}\">\n\t\t\t\t\t<div class=\"e-con-inner\">\n\t\t\t\t<div class=\"elementor-element elementor-element-8ec3f80 elementor-widget elementor-widget-spacer\" data-id=\"8ec3f80\" data-element_type=\"widget\" data-e-type=\"widget\" data-widget_type=\"spacer.default\">\n\t\t\t\t\t\t\t<div class=\"elementor-spacer\">\n\t\t\t<div class=\"elementor-spacer-inner\"><\/div>\n\t\t<\/div>\n\t\t\t\t\t\t<\/div>\n\t\t\t\t\t<\/div>\n\t\t\t\t<\/div>\n\t\t\t\t<\/div>\n\t\t","protected":false},"excerpt":{"rendered":"<p>Impressum Name des Unternehmens AGP Cool.Ing FlexCo Eingetragener Firmensitz Friedlgasse 29\/1, 1190 Wien Kontaktinformationen office@agp-cooling.at +43 664 4215444 Firmenbuchnummer FN 650325k Umsatzsteuer-Nr. ATU81918212 \u00a0 ALLGEMEINE VERKAUFS- und LIEFERBEDINGUNGEN der AGP \u2013 Cool.Ing FlexCo ALLGEMEINE VERKAUFS- und LIEFERBEDINGUNGEN der AGP \u2013 Cool.Ing FlexCo 1. Allgemein: Die nachstehenden allgemeinen Verkaufs- und Lieferbedingungen gelten f\u00fcr alle gegenw\u00e4rtigen und [&hellip;]<\/p>\n","protected":false},"author":1,"featured_media":0,"parent":0,"menu_order":0,"comment_status":"closed","ping_status":"closed","template":"","meta":{"footnotes":""},"class_list":["post-687","page","type-page","status-publish","hentry"],"_links":{"self":[{"href":"https:\/\/agp.cool\/index.php?rest_route=\/wp\/v2\/pages\/687","targetHints":{"allow":["GET"]}}],"collection":[{"href":"https:\/\/agp.cool\/index.php?rest_route=\/wp\/v2\/pages"}],"about":[{"href":"https:\/\/agp.cool\/index.php?rest_route=\/wp\/v2\/types\/page"}],"author":[{"embeddable":true,"href":"https:\/\/agp.cool\/index.php?rest_route=\/wp\/v2\/users\/1"}],"replies":[{"embeddable":true,"href":"https:\/\/agp.cool\/index.php?rest_route=%2Fwp%2Fv2%2Fcomments&post=687"}],"version-history":[{"count":4,"href":"https:\/\/agp.cool\/index.php?rest_route=\/wp\/v2\/pages\/687\/revisions"}],"predecessor-version":[{"id":693,"href":"https:\/\/agp.cool\/index.php?rest_route=\/wp\/v2\/pages\/687\/revisions\/693"}],"wp:attachment":[{"href":"https:\/\/agp.cool\/index.php?rest_route=%2Fwp%2Fv2%2Fmedia&parent=687"}],"curies":[{"name":"wp","href":"https:\/\/api.w.org\/{rel}","templated":true}]}}