{"id":689,"date":"2026-02-04T00:15:38","date_gmt":"2026-02-03T23:15:38","guid":{"rendered":"https:\/\/kapsello.pl\/?page_id=689"},"modified":"2026-02-04T00:24:17","modified_gmt":"2026-02-03T23:24:17","slug":"datenschutzerklaerung","status":"publish","type":"page","link":"https:\/\/agp.cool\/?page_id=689","title":{"rendered":"Datenschutzerkl\u00e4rung"},"content":{"rendered":"\t\t<div data-elementor-type=\"wp-page\" data-elementor-id=\"689\" class=\"elementor elementor-689\" data-elementor-post-type=\"page\">\n\t\t\t\t<div class=\"elementor-element elementor-element-5cfd3330 e-flex e-con-boxed e-con e-parent\" data-id=\"5cfd3330\" data-element_type=\"container\" data-e-type=\"container\" data-settings=\"{&quot;background_background&quot;:&quot;classic&quot;,&quot;background_motion_fx_motion_fx_scrolling&quot;:&quot;yes&quot;,&quot;background_motion_fx_scale_effect&quot;:&quot;yes&quot;,&quot;background_motion_fx_scale_direction&quot;:&quot;out-in&quot;,&quot;background_motion_fx_scale_speed&quot;:{&quot;unit&quot;:&quot;px&quot;,&quot;size&quot;:4,&quot;sizes&quot;:[]},&quot;background_motion_fx_scale_range&quot;:{&quot;unit&quot;:&quot;%&quot;,&quot;size&quot;:&quot;&quot;,&quot;sizes&quot;:{&quot;start&quot;:20,&quot;end&quot;:80}},&quot;background_motion_fx_devices&quot;:[&quot;desktop&quot;,&quot;tablet&quot;,&quot;mobile&quot;]}\">\n\t\t\t\t\t<div class=\"e-con-inner\">\n\t\t<div class=\"elementor-element elementor-element-4832c9f e-con-full e-flex e-con e-child\" data-id=\"4832c9f\" data-element_type=\"container\" data-e-type=\"container\">\n\t\t\t\t<div class=\"elementor-element elementor-element-559e2cd2 text-center elementor-widget elementor-widget-tp-heading-title\" data-id=\"559e2cd2\" data-element_type=\"widget\" data-e-type=\"widget\" data-widget_type=\"tp-heading-title.default\">\n\t\t\t\t\t<div class=\"heading heading_style heading_style69d97a7d8bd28 style-1 \"  data-tp-gsap-heading-text=\"\" data-tp-gsap-sub-heading-text=\"\"><div class=\"sub-style\" ><div class=\"head-title \" > <h2  class=\"heading-title   \"  data-hover=\"Datenschutzerkl\u00e4rung\">Datenschutzerkl\u00e4rung<span class=\"title-s \">  <\/span><\/h2><\/div><\/div><\/div>\t\t\t\t<\/div>\n\t\t\t\t<\/div>\n\t\t\t\t\t<\/div>\n\t\t\t\t<\/div>\n\t\t<div class=\"elementor-element elementor-element-67030eb4 e-flex e-con-boxed e-con e-parent\" data-id=\"67030eb4\" data-element_type=\"container\" data-e-type=\"container\" data-settings=\"{&quot;background_background&quot;:&quot;classic&quot;}\">\n\t\t\t\t\t<div class=\"e-con-inner\">\n\t\t\t\t<div class=\"elementor-element elementor-element-ed8470a elementor-widget elementor-widget-spacer\" data-id=\"ed8470a\" data-element_type=\"widget\" data-e-type=\"widget\" data-widget_type=\"spacer.default\">\n\t\t\t\t\t\t\t<div class=\"elementor-spacer\">\n\t\t\t<div class=\"elementor-spacer-inner\"><\/div>\n\t\t<\/div>\n\t\t\t\t\t\t<\/div>\n\t\t\t\t<div class=\"elementor-element elementor-element-6fa1802 elementor-widget elementor-widget-text-editor\" data-id=\"6fa1802\" data-element_type=\"widget\" data-e-type=\"widget\" data-widget_type=\"text-editor.default\">\n\t\t\t\t\t\t\t\t\t<p><strong>Hinweis zur verantwortlichen Stelle<\/strong><\/p><p>Die verantwortliche Stelle f\u00fcr die Datenverarbeitung auf dieser Website ist:<\/p><p>AGP Cool.Ing FlexCo<br \/>Friedlgasse 29\/1<br \/>1190 Wien<\/p><p>UID: ATU 81918212<\/p><p>Tel +43 664 4215 444<br \/>E-Mail\u00a0<a href=\"mailto:office@agp-cooling.at\">office@agp-cooling.at<\/a><\/p><p>Verantwortliche Stelle ist die nat\u00fcrliche oder juristische Person, die allein oder gemeinsam mit anderen \u00fcber die Zwecke und Mittel der Verarbeitung von personenbezogenen Daten (z.\u00a0B. Namen, E-Mail-Adressen o. \u00c4.) entscheidet.<\/p><p><strong>Datenverarbeitung zur Erf\u00fcllung des zwischen uns und Ihnen geschlossenen Vertrags (Art. 6 Abs. 1 lit. b) DS-GVO)\u00a0<\/strong><\/p><p>Um das bestehende Vertragsverh\u00e4ltnis zu erf\u00fcllen, geschuldete Leistungen zu erbringen und Ihnen Vertragsunterlagen zu senden, verarbeiten wir sowie von uns beauftragte Dritte oder Auftragsverarbeiter die folgenden Daten von Ihnen, sofern Sie uns diese bei Abschluss des Vertrags oder im Laufe der Vertragsbeziehung mitgeteilt haben:<\/p><p>&#8211; pers\u00f6nliche Angaben (Name, Geburtsdatum, Anschrift, Telefon, Faxnummer, E-Mail-Adresse und ggf. Homepage)<\/p><p>&#8211; Bankdaten (IBAN, Bank, Kontoinhaber) und Zahlungsinformationen\u00a0<\/p><p><strong>Datennutzung aufgrund Ihrer Einwilligung\u00a0 (Art. 6 Abs. 1 lit. a) DS-GVO)<\/strong>\u00a0<\/p><p>Im Fall einer werblichen Ansprache kontaktieren wir Sie vorbehaltlich des Postversandes nur \u00fcber die Kommunikationskan\u00e4le, in die Sie eingewilligt haben. Hierf\u00fcr verwenden wir Ihre Daten f\u00fcr die folgenden Zwecke:<\/p><p>\u00a0&#8211; Qualit\u00e4tssicherung: Um unsere Leistungen, unsere Produkte und unsere Services f\u00fcr Sie kontinuierlich zu verbessern, f\u00fchren wir Befragungen zu Ihrer Zufriedenheit sowie Ihren Erfahrungen aus Ihrem Vertragsverh\u00e4ltnis durch.\u00a0<\/p><p>&#8211; Allgemeine und personalisierte Werbung.\u00a0<\/p><p>&#8211; Soweit Sie uns ein entsprechendes SEPA-Lastschriftmandat erteilt haben, nutzen wir dar\u00fcber hinaus Ihre Bankverbindungsdaten. \u00dcber das SEPA-Lastschriftmandat ziehen wir offene Betr\u00e4ge entsprechend der vertraglich getroffenen Vereinbarungen ein.<\/p><p><strong>Speicherdauer und Kriterien f\u00fcr die Festlegung der Dauer<\/strong><\/p><p>Wir speichern Ihre Daten f\u00fcr den Zeitraum des bestehenden Vertrags sowie nach Beendigung des Vertrags mit Ihnen f\u00fcr einen Zeitraum bis zum Abschluss der steuerlichen Betriebspr\u00fcfung des letzten Kalenderjahres, in dem Sie unser Kunde waren. Bestehen gesetzliche Aufbewahrungsfristen, sind wir verpflichtet, die Daten bis zum Ablauf dieser Fristen zu speichern. Nach Ablauf der gesetzlichen Aufbewahrungspflichten, die sich vornehmlich aus dem Handels- und Steuerrecht ergeben (insbesondere \u00a7\u00a7 147 AO und 257 HGB), l\u00f6schen wir diese Daten wieder.\u00a0<\/p><p>F\u00fcr werbliche Ansprachen speichern wir Ihre Daten so lange, bis Sie einer Nutzung widersprechen, Sie Ihre Einwilligung widerrufen oder eine Ansprache gesetzlich nicht mehr zul\u00e4ssig ist. Ihre \u00fcbrigen Daten speichern wir, so lange wir sie zur Erf\u00fcllung des konkreten Zwecks (z.B. zur Vertragserf\u00fcllung oder -abwicklung) ben\u00f6tigen und l\u00f6schen sie nach Wegfall des Zwecks.<\/p><p><strong>Cookies<\/strong><\/p><p>Im Rahmen der Bereitstellung dieses Internet-Angebots werden Cookies verwendet.<\/p><p><strong>Umgang mit personenbezogenen Daten<\/strong><\/p><p>Alle erhobenen personenbezogenen Daten werden ausschlie\u00dflich entsprechend den jeweils geltenden Vorschriften \u00fcber den Schutz personenbezogener Daten und nur zum Zwecke der Vertragsabwicklung sowie zur Wahrung eigener berechtigter Gesch\u00e4ftsinteressen im Hinblick auf die Beratung und Betreuung unserer Kunden und die bedarfsgerechte Produktgestaltung gespeichert, verarbeitet und genutzt.<\/p><p>Personenbezogene Informationen werden insbesondere im Fall von Produktbestellungen bzw. Veranstaltungsanmeldungen ausschlie\u00dflich innerhalb der Mensch und Maschine und mit ihr verbundener Unternehmen verwendet. An Dritte werden sie nur dann weitergegeben, wenn uns hierzu Ihr ausdr\u00fcckliches Einverst\u00e4ndnis vorliegt.<\/p><p><strong>Informationen zu Ihren Rechten als Betroffene<\/strong><\/p><p>F\u00fcr die Verarbeitung Ihrer Daten ist die AGP Cool.Ing FlexCo verantwortlich, soweit nicht anders ausgewiesen. Sie k\u00f6nnen jederzeit von uns Auskunft zu den \u00fcber Sie gespeicherten Daten und deren Berichtigung im Fall von Fehlern verlangen. Weiter k\u00f6nnen Sie die Einschr\u00e4nkung der Verarbeitung, die \u00dcbertragbarkeit der uns durch Sie bereitgestellten Daten in einem maschinenlesbaren Format oder die L\u00f6schung Ihrer Daten \u2013 soweit sie nicht mehr ben\u00f6tigt werden \u2013 verlangen.<\/p><p>Au\u00dferdem haben Sie jederzeit das Recht, der Nutzung\u00a0 #Ihrer Daten, die auf \u00f6ffentlichen oder berechtigten Interessen beruhen, zu widersprechen.<\/p><p>Soweit wir Ihre Daten auf der Grundlage einer von Ihnen abgegebenen Einwilligung verarbeiten, k\u00f6nnen Sie jederzeit mit Wirkung f\u00fcr die Zukunft diese Einwilligung widerrufen. Ab dem Eingang Ihres Widerrufs verarbeiten wir Ihre Daten nicht mehr f\u00fcr die im Rahmen der Einwilligung angegebenen Zwecke. Ihren Widerruf oder einen Werbewiderspruch richten Sie\u00a0 bitte an:<\/p><p>AGP Cool.Ing FlexCo<br \/>Friedlgasse 29\/1<br \/>1190 Wien<br \/>E-Mail\u00a0<a href=\"mailto:office@agp-cooling.at\">office@agp-cooling.at<\/a><\/p><p><strong>Beschwerderecht bei einer Aufsichtsbeh\u00f6rde<\/strong><\/p><p>Zudem k\u00f6nnen Sie sich jederzeit mit einer Beschwerde an eine Aufsichtsbeh\u00f6rde wenden. F\u00fcr uns ist grunds\u00e4tzlich die \u00d6sterreichische Datenschutzbeh\u00f6rde, Wickenburggasse 8, 1080 Wien, zust\u00e4ndig. Alternativ k\u00f6nnen Sie auf die f\u00fcr Sie \u00f6rtlich zust\u00e4ndige Aufsichtsbeh\u00f6rde zugehen.<\/p>\t\t\t\t\t\t\t\t<\/div>\n\t\t\t\t<div class=\"elementor-element elementor-element-8ec3f80 elementor-widget elementor-widget-spacer\" data-id=\"8ec3f80\" data-element_type=\"widget\" data-e-type=\"widget\" data-widget_type=\"spacer.default\">\n\t\t\t\t\t\t\t<div class=\"elementor-spacer\">\n\t\t\t<div class=\"elementor-spacer-inner\"><\/div>\n\t\t<\/div>\n\t\t\t\t\t\t<\/div>\n\t\t\t\t\t<\/div>\n\t\t\t\t<\/div>\n\t\t\t\t<\/div>\n\t\t","protected":false},"excerpt":{"rendered":"<p>Datenschutzerkl\u00e4rung Hinweis zur verantwortlichen Stelle Die verantwortliche Stelle f\u00fcr die Datenverarbeitung auf dieser Website ist: AGP Cool.Ing FlexCoFriedlgasse 29\/11190 Wien UID: ATU 81918212 Tel +43 664 4215 444E-Mail\u00a0office@agp-cooling.at Verantwortliche Stelle ist die nat\u00fcrliche oder juristische Person, die allein oder gemeinsam mit anderen \u00fcber die Zwecke und Mittel der Verarbeitung von personenbezogenen Daten (z.\u00a0B. Namen, E-Mail-Adressen [&hellip;]<\/p>\n","protected":false},"author":1,"featured_media":0,"parent":0,"menu_order":0,"comment_status":"closed","ping_status":"closed","template":"","meta":{"footnotes":""},"class_list":["post-689","page","type-page","status-publish","hentry"],"_links":{"self":[{"href":"https:\/\/agp.cool\/index.php?rest_route=\/wp\/v2\/pages\/689","targetHints":{"allow":["GET"]}}],"collection":[{"href":"https:\/\/agp.cool\/index.php?rest_route=\/wp\/v2\/pages"}],"about":[{"href":"https:\/\/agp.cool\/index.php?rest_route=\/wp\/v2\/types\/page"}],"author":[{"embeddable":true,"href":"https:\/\/agp.cool\/index.php?rest_route=\/wp\/v2\/users\/1"}],"replies":[{"embeddable":true,"href":"https:\/\/agp.cool\/index.php?rest_route=%2Fwp%2Fv2%2Fcomments&post=689"}],"version-history":[{"count":4,"href":"https:\/\/agp.cool\/index.php?rest_route=\/wp\/v2\/pages\/689\/revisions"}],"predecessor-version":[{"id":696,"href":"https:\/\/agp.cool\/index.php?rest_route=\/wp\/v2\/pages\/689\/revisions\/696"}],"wp:attachment":[{"href":"https:\/\/agp.cool\/index.php?rest_route=%2Fwp%2Fv2%2Fmedia&parent=689"}],"curies":[{"name":"wp","href":"https:\/\/api.w.org\/{rel}","templated":true}]}}